{"id":1661,"date":"2021-02-23T22:08:34","date_gmt":"2021-02-23T21:08:34","guid":{"rendered":"https:\/\/design-kom.de\/design\/?page_id=1661"},"modified":"2024-01-01T20:48:22","modified_gmt":"2024-01-01T19:48:22","slug":"start","status":"publish","type":"page","link":"https:\/\/design-kom.de\/design\/","title":{"rendered":"Start"},"content":{"rendered":"\t\t<div data-elementor-type=\"wp-page\" data-elementor-id=\"1661\" class=\"elementor elementor-1661\">\n\t\t\t\t\t\t<section class=\"elementor-section elementor-top-section elementor-element elementor-element-2a3e18e elementor-section-boxed elementor-section-height-default elementor-section-height-default\" data-id=\"2a3e18e\" data-element_type=\"section\">\n\t\t\t\t\t\t<div class=\"elementor-container elementor-column-gap-default\">\n\t\t\t\t\t<div class=\"elementor-column elementor-col-100 elementor-top-column elementor-element elementor-element-2e0557d\" data-id=\"2e0557d\" data-element_type=\"column\">\n\t\t\t<div class=\"elementor-widget-wrap elementor-element-populated\">\n\t\t\t\t\t\t<div class=\"elementor-element elementor-element-e1064dd elementor-widget elementor-widget-image\" data-id=\"e1064dd\" data-element_type=\"widget\" data-widget_type=\"image.default\">\n\t\t\t\t<div class=\"elementor-widget-container\">\n\t\t\t\t\t\t\t\t\t\t\t\t\t\t\t<img fetchpriority=\"high\" decoding=\"async\" width=\"2560\" height=\"950\" src=\"https:\/\/design-kom.de\/design\/wp-content\/uploads\/markendesign-scaled.jpg\" class=\"attachment-full size-full wp-image-1812\" alt srcset=\"https:\/\/design-kom.de\/design\/wp-content\/uploads\/markendesign-scaled.jpg 2560w, https:\/\/design-kom.de\/design\/wp-content\/uploads\/markendesign-450x167.jpg 450w, https:\/\/design-kom.de\/design\/wp-content\/uploads\/markendesign-1920x713.jpg 1920w, https:\/\/design-kom.de\/design\/wp-content\/uploads\/markendesign-768x285.jpg 768w, https:\/\/design-kom.de\/design\/wp-content\/uploads\/markendesign-1536x570.jpg 1536w, https:\/\/design-kom.de\/design\/wp-content\/uploads\/markendesign-2048x760.jpg 2048w\" sizes=\"(max-width: 2560px) 100vw, 2560px\">\t\t\t\t\t\t\t\t\t\t\t\t\t\t\t<\/div>\n\t\t\t\t<\/div>\n\t\t\t\t\t<\/div>\n\t\t<\/div>\n\t\t\t\t\t<\/div>\n\t\t<\/section>\n\t\t\t\t<section class=\"elementor-section elementor-top-section elementor-element elementor-element-7c08e32 elementor-section-boxed elementor-section-height-default elementor-section-height-default\" data-id=\"7c08e32\" data-element_type=\"section\" data-settings=\"{&quot;background_background&quot;:&quot;classic&quot;}\">\n\t\t\t\t\t\t\t<div class=\"elementor-background-overlay\"><\/div>\n\t\t\t\t\t\t\t<div class=\"elementor-container elementor-column-gap-default\">\n\t\t\t\t\t<div class=\"elementor-column elementor-col-100 elementor-top-column elementor-element elementor-element-1f6640d\" data-id=\"1f6640d\" data-element_type=\"column\">\n\t\t\t<div class=\"elementor-widget-wrap elementor-element-populated\">\n\t\t\t\t\t\t<div class=\"elementor-element elementor-element-3ec7008 elementor-widget elementor-widget-spacer\" data-id=\"3ec7008\" data-element_type=\"widget\" data-widget_type=\"spacer.default\">\n\t\t\t\t<div class=\"elementor-widget-container\">\n\t\t\t\t\t\t\t<div class=\"elementor-spacer\">\n\t\t\t<div class=\"elementor-spacer-inner\"><\/div>\n\t\t<\/div>\n\t\t\t\t\t\t<\/div>\n\t\t\t\t<\/div>\n\t\t\t\t<div class=\"elementor-element elementor-element-1f704b3 elementor-widget-divider--view-line elementor-widget elementor-widget-divider\" data-id=\"1f704b3\" data-element_type=\"widget\" data-widget_type=\"divider.default\">\n\t\t\t\t<div class=\"elementor-widget-container\">\n\t\t\t\t\t\t\t<div class=\"elementor-divider\">\n\t\t\t<span class=\"elementor-divider-separator\">\n\t\t\t\t\t\t<\/span>\n\t\t<\/div>\n\t\t\t\t\t\t<\/div>\n\t\t\t\t<\/div>\n\t\t\t\t<div class=\"elementor-element elementor-element-f3ae6eb elementor-widget elementor-widget-spacer\" data-id=\"f3ae6eb\" data-element_type=\"widget\" data-widget_type=\"spacer.default\">\n\t\t\t\t<div class=\"elementor-widget-container\">\n\t\t\t\t\t\t\t<div class=\"elementor-spacer\">\n\t\t\t<div class=\"elementor-spacer-inner\"><\/div>\n\t\t<\/div>\n\t\t\t\t\t\t<\/div>\n\t\t\t\t<\/div>\n\t\t\t\t<section class=\"elementor-section elementor-inner-section elementor-element elementor-element-31336da elementor-section-boxed elementor-section-height-default elementor-section-height-default\" data-id=\"31336da\" data-element_type=\"section\">\n\t\t\t\t\t\t<div class=\"elementor-container elementor-column-gap-default\">\n\t\t\t\t\t<div class=\"elementor-column elementor-col-33 elementor-inner-column elementor-element elementor-element-09c3974\" data-id=\"09c3974\" data-element_type=\"column\">\n\t\t\t<div class=\"elementor-widget-wrap\">\n\t\t\t\t\t\t\t<\/div>\n\t\t<\/div>\n\t\t\t\t<div class=\"elementor-column elementor-col-33 elementor-inner-column elementor-element elementor-element-6014ca1\" data-id=\"6014ca1\" data-element_type=\"column\">\n\t\t\t<div class=\"elementor-widget-wrap\">\n\t\t\t\t\t\t\t<\/div>\n\t\t<\/div>\n\t\t\t\t<div class=\"elementor-column elementor-col-33 elementor-inner-column elementor-element elementor-element-031829e\" data-id=\"031829e\" data-element_type=\"column\">\n\t\t\t<div class=\"elementor-widget-wrap\">\n\t\t\t\t\t\t\t<\/div>\n\t\t<\/div>\n\t\t\t\t\t<\/div>\n\t\t<\/section>\n\t\t\t\t<section class=\"elementor-section elementor-inner-section elementor-element elementor-element-f12ceb5 elementor-section-boxed elementor-section-height-default elementor-section-height-default\" data-id=\"f12ceb5\" data-element_type=\"section\">\n\t\t\t\t\t\t<div class=\"elementor-container elementor-column-gap-default\">\n\t\t\t\t\t<div class=\"elementor-column elementor-col-100 elementor-inner-column elementor-element elementor-element-04373eb\" data-id=\"04373eb\" data-element_type=\"column\">\n\t\t\t<div class=\"elementor-widget-wrap\">\n\t\t\t\t\t\t\t<\/div>\n\t\t<\/div>\n\t\t\t\t\t<\/div>\n\t\t<\/section>\n\t\t\t\t<section class=\"elementor-section elementor-inner-section elementor-element elementor-element-261f70f elementor-section-boxed elementor-section-height-default elementor-section-height-default\" data-id=\"261f70f\" data-element_type=\"section\">\n\t\t\t\t\t\t<div class=\"elementor-container elementor-column-gap-default\">\n\t\t\t\t\t<div class=\"elementor-column elementor-col-100 elementor-inner-column elementor-element elementor-element-610d3a4\" data-id=\"610d3a4\" data-element_type=\"column\">\n\t\t\t<div class=\"elementor-widget-wrap elementor-element-populated\">\n\t\t\t\t\t\t<div class=\"elementor-element elementor-element-f0e7989 elementor-widget-divider--view-line elementor-widget elementor-widget-divider\" data-id=\"f0e7989\" data-element_type=\"widget\" data-widget_type=\"divider.default\">\n\t\t\t\t<div class=\"elementor-widget-container\">\n\t\t\t\t\t\t\t<div class=\"elementor-divider\">\n\t\t\t<span class=\"elementor-divider-separator\">\n\t\t\t\t\t\t<\/span>\n\t\t<\/div>\n\t\t\t\t\t\t<\/div>\n\t\t\t\t<\/div>\n\t\t\t\t\t<\/div>\n\t\t<\/div>\n\t\t\t\t\t<\/div>\n\t\t<\/section>\n\t\t\t\t<div class=\"elementor-element elementor-element-156a91a elementor-widget elementor-widget-spacer\" data-id=\"156a91a\" data-element_type=\"widget\" data-widget_type=\"spacer.default\">\n\t\t\t\t<div class=\"elementor-widget-container\">\n\t\t\t\t\t\t\t<div class=\"elementor-spacer\">\n\t\t\t<div class=\"elementor-spacer-inner\"><\/div>\n\t\t<\/div>\n\t\t\t\t\t\t<\/div>\n\t\t\t\t<\/div>\n\t\t\t\t<div class=\"elementor-element elementor-element-de11402 elementor-widget elementor-widget-spacer\" data-id=\"de11402\" data-element_type=\"widget\" data-widget_type=\"spacer.default\">\n\t\t\t\t<div class=\"elementor-widget-container\">\n\t\t\t\t\t\t\t<div class=\"elementor-spacer\">\n\t\t\t<div class=\"elementor-spacer-inner\"><\/div>\n\t\t<\/div>\n\t\t\t\t\t\t<\/div>\n\t\t\t\t<\/div>\n\t\t\t\t\t<\/div>\n\t\t<\/div>\n\t\t\t\t\t<\/div>\n\t\t<\/section>\n\t\t\t\t<section class=\"elementor-section elementor-top-section elementor-element elementor-element-c10b1ae elementor-section-boxed elementor-section-height-default elementor-section-height-default\" data-id=\"c10b1ae\" data-element_type=\"section\" data-settings=\"{&quot;background_background&quot;:&quot;classic&quot;}\">\n\t\t\t\t\t\t<div class=\"elementor-container elementor-column-gap-default\">\n\t\t\t\t\t<div class=\"elementor-column elementor-col-33 elementor-top-column elementor-element elementor-element-2120ba4\" data-id=\"2120ba4\" data-element_type=\"column\">\n\t\t\t<div class=\"elementor-widget-wrap\">\n\t\t\t\t\t\t\t<\/div>\n\t\t<\/div>\n\t\t\t\t<div class=\"elementor-column elementor-col-33 elementor-top-column elementor-element elementor-element-7148e77\" data-id=\"7148e77\" data-element_type=\"column\">\n\t\t\t<div class=\"elementor-widget-wrap elementor-element-populated\">\n\t\t\t\t\t\t<div class=\"elementor-element elementor-element-02e2dce elementor-widget__width-initial elementor-widget elementor-widget-video\" data-id=\"02e2dce\" data-element_type=\"widget\" data-settings=\"{&quot;video_type&quot;:&quot;hosted&quot;,&quot;autoplay&quot;:&quot;yes&quot;,&quot;play_on_mobile&quot;:&quot;yes&quot;,&quot;loop&quot;:&quot;yes&quot;}\" data-widget_type=\"video.default\">\n\t\t\t\t<div class=\"elementor-widget-container\">\n\t\t\t\t\t\t\t<div class=\"e-hosted-video elementor-wrapper elementor-open-inline\">\n\t\t\t\t\t<video class=\"elementor-video\" src=\"https:\/\/design-kom.de\/design\/wp-content\/uploads\/Hypnotic-1151.mp4\" autoplay loop playsinline controlslist=\"nodownload\"><\/video>\n\t\t\t\t<\/div>\n\t\t\t\t\t\t<\/div>\n\t\t\t\t<\/div>\n\t\t\t\t<div class=\"elementor-element elementor-element-4256b91 elementor-widget elementor-widget-spacer\" data-id=\"4256b91\" data-element_type=\"widget\" data-widget_type=\"spacer.default\">\n\t\t\t\t<div class=\"elementor-widget-container\">\n\t\t\t\t\t\t\t<div class=\"elementor-spacer\">\n\t\t\t<div class=\"elementor-spacer-inner\"><\/div>\n\t\t<\/div>\n\t\t\t\t\t\t<\/div>\n\t\t\t\t<\/div>\n\t\t\t\t<div class=\"elementor-element elementor-element-e27da99 elementor-widget elementor-widget-spacer\" data-id=\"e27da99\" data-element_type=\"widget\" data-widget_type=\"spacer.default\">\n\t\t\t\t<div class=\"elementor-widget-container\">\n\t\t\t\t\t\t\t<div class=\"elementor-spacer\">\n\t\t\t<div class=\"elementor-spacer-inner\"><\/div>\n\t\t<\/div>\n\t\t\t\t\t\t<\/div>\n\t\t\t\t<\/div>\n\t\t\t\t\t<\/div>\n\t\t<\/div>\n\t\t\t\t<div class=\"elementor-column elementor-col-33 elementor-top-column elementor-element elementor-element-04dd7eb\" data-id=\"04dd7eb\" data-element_type=\"column\">\n\t\t\t<div class=\"elementor-widget-wrap\">\n\t\t\t\t\t\t\t<\/div>\n\t\t<\/div>\n\t\t\t\t\t<\/div>\n\t\t<\/section>\n\t\t\t\t<section class=\"elementor-section elementor-top-section elementor-element elementor-element-487dc31 elementor-section-boxed elementor-section-height-default elementor-section-height-default\" data-id=\"487dc31\" data-element_type=\"section\" data-settings=\"{&quot;background_background&quot;:&quot;classic&quot;}\">\n\t\t\t\t\t\t<div class=\"elementor-container elementor-column-gap-default\">\n\t\t\t\t\t<div class=\"elementor-column elementor-col-100 elementor-top-column elementor-element elementor-element-763d21a\" data-id=\"763d21a\" data-element_type=\"column\">\n\t\t\t<div class=\"elementor-widget-wrap elementor-element-populated\">\n\t\t\t\t\t\t<div class=\"elementor-element elementor-element-5e2068e elementor-widget elementor-widget-text-editor\" data-id=\"5e2068e\" data-element_type=\"widget\" data-widget_type=\"text-editor.default\">\n\t\t\t\t<div class=\"elementor-widget-container\">\n\t\t\t\t\t\t\t\t\t<p>Lorem ipsum dolor sit amet, con\u00adsec\u00adte\u00adtur adi\u00adpi\u00adscing elit. Ut elit tel\u00adlus, luc\u00adtus nec ullam\u00adcor\u00adper mat\u00adtis, pul\u00advi\u00adnar dapi\u00adbus&nbsp;leo.<\/p>\t\t\t\t\t\t\t\t<\/div>\n\t\t\t\t<\/div>\n\t\t\t\t<div class=\"elementor-element elementor-element-8ea3b90 elementor-widget elementor-widget-text-editor\" data-id=\"8ea3b90\" data-element_type=\"widget\" data-widget_type=\"text-editor.default\">\n\t\t\t\t<div class=\"elementor-widget-container\">\n\t\t\t\t\t\t\t\t\t<p style=\"text-align: center;\">Wer\u00adbung&nbsp;ist:<\/p>\t\t\t\t\t\t\t\t<\/div>\n\t\t\t\t<\/div>\n\t\t\t\t\t<\/div>\n\t\t<\/div>\n\t\t\t\t\t<\/div>\n\t\t<\/section>\n\t\t\t\t<section class=\"elementor-section elementor-top-section elementor-element elementor-element-b40b8b3 elementor-section-boxed elementor-section-height-default elementor-section-height-default\" data-id=\"b40b8b3\" data-element_type=\"section\" data-settings=\"{&quot;background_background&quot;:&quot;classic&quot;}\">\n\t\t\t\t\t\t<div class=\"elementor-container elementor-column-gap-default\">\n\t\t\t\t\t<div class=\"elementor-column elementor-col-25 elementor-top-column elementor-element elementor-element-8fe9f83\" data-id=\"8fe9f83\" data-element_type=\"column\">\n\t\t\t<div class=\"elementor-widget-wrap\">\n\t\t\t\t\t\t\t<\/div>\n\t\t<\/div>\n\t\t\t\t<div class=\"elementor-column elementor-col-50 elementor-top-column elementor-element elementor-element-e532ca9\" data-id=\"e532ca9\" data-element_type=\"column\">\n\t\t\t<div class=\"elementor-widget-wrap elementor-element-populated\">\n\t\t\t\t\t\t<div class=\"elementor-element elementor-element-1cffe1a elementor-widget-divider--view-line elementor-widget elementor-widget-divider\" data-id=\"1cffe1a\" data-element_type=\"widget\" data-widget_type=\"divider.default\">\n\t\t\t\t<div class=\"elementor-widget-container\">\n\t\t\t\t\t\t\t<div class=\"elementor-divider\">\n\t\t\t<span class=\"elementor-divider-separator\">\n\t\t\t\t\t\t<\/span>\n\t\t<\/div>\n\t\t\t\t\t\t<\/div>\n\t\t\t\t<\/div>\n\t\t\t\t<div class=\"elementor-element elementor-element-31a7709 elementor-widget elementor-widget-text-editor\" data-id=\"31a7709\" data-element_type=\"widget\" data-widget_type=\"text-editor.default\">\n\t\t\t\t<div class=\"elementor-widget-container\">\n\t\t\t\t\t\t\t\t\t<pre style=\"text-align: center;\">reizvoll<br><span style=\"color: #fabb00;\">+<\/span><br>ansprechend<br><span style=\"color: #fabb00;\">+<\/span><br>&nbsp;charmant<br><span style=\"color: #fabb00;\">+<\/span><br>gewinnend<br><span style=\"color: #fabb00;\">+<\/span><br>interessant<br><span style=\"color: #fabb00;\">+<\/span><br>einnehmend<br><span style=\"color: #fabb00;\">+<\/span><br>anziehend<br><span style=\"color: #fabb00;\">+<\/span><br>anlockend<br><span style=\"color: #fabb00;\">+<\/span><br>bestrickend<br><span style=\"color: #fabb00;\">+<\/span><br>entwaffnend<br><span style=\"color: #fabb00;\">+<\/span><br>bet\u00f6rend<br><span style=\"color: #fabb00;\">+<\/span><br>fesselnd<br><span style=\"color: #fabb00;\">+<\/span><br>begehrenswert<br><span style=\"color: #fabb00;\">+<\/span><br>faszinierend<br><span style=\"color: #fabb00;\">+<\/span><br>ber\u00fcckend<br><span style=\"color: #fabb00;\">+<\/span><br>magnetisch<br><span style=\"color: #fabb00;\">+<\/span><br>begehrt<br><span style=\"color: #fabb00;\">+<\/span><br>unwiderstehlich<br><span style=\"color: #fabb00;\">+<\/span><br>verf\u00fchrerisch<br><span style=\"color: #fabb00;\">+<\/span><br>verlockend<br><span style=\"color: #fabb00;\">+<\/span><br>aufregend<br><span style=\"color: #fabb00;\">+<\/span><br>aufreizend<br><span style=\"color: #fabb00;\">+<\/span><br>sexy<br><span style=\"color: #fabb00;\">+<\/span><br>toll<br><span style=\"color: #fabb00;\">+<\/span><br>klasse<br><span style=\"color: #fabb00;\">+<\/span><br>dufte<br><span style=\"color: #fabb00;\">+<\/span><br>scharf<br><span style=\"color: #fabb00;\">+<\/span><br>gut<br><span style=\"color: #fabb00;\">+<\/span><br>h\u00fcbsch<br><span style=\"color: #fabb00;\">+<\/span><br>gutaussehend<br><span style=\"color: #fabb00;\">+<\/span><br>sch\u00f6n<br><span style=\"color: #fabb00;\">+<\/span><br>bildsch\u00f6n<br><span style=\"color: #fabb00;\">+<\/span><br>wundersch\u00f6n<br><span style=\"color: #fabb00;\">+<\/span><br>gutgewachsen<br><span style=\"color: #fabb00;\">+<\/span><br>fesch<br><span style=\"color: #fabb00;\">+<\/span><br>flott<br><span style=\"color: #fabb00;\">+<\/span><br>schick<br><span style=\"color: #fabb00;\">+<\/span><br>gutgebaut<\/pre><p style=\"text-align: center;\"><span style=\"color: #fabb00;\">+ <\/span><span style=\"color: #fabb00;\">+ <\/span><span style=\"color: #fabb00;\">+<\/span><\/p>\t\t\t\t\t\t\t\t<\/div>\n\t\t\t\t<\/div>\n\t\t\t\t\t<\/div>\n\t\t<\/div>\n\t\t\t\t<div class=\"elementor-column elementor-col-25 elementor-top-column elementor-element elementor-element-2e05223\" data-id=\"2e05223\" data-element_type=\"column\">\n\t\t\t<div class=\"elementor-widget-wrap\">\n\t\t\t\t\t\t\t<\/div>\n\t\t<\/div>\n\t\t\t\t\t<\/div>\n\t\t<\/section>\n\t\t\t\t<section class=\"elementor-section elementor-top-section elementor-element elementor-element-0596877 elementor-section-boxed elementor-section-height-default elementor-section-height-default\" data-id=\"0596877\" data-element_type=\"section\" data-settings=\"{&quot;background_background&quot;:&quot;classic&quot;}\">\n\t\t\t\t\t\t<div class=\"elementor-container elementor-column-gap-default\">\n\t\t\t\t\t<div class=\"elementor-column elementor-col-20 elementor-top-column elementor-element elementor-element-d68e3b4\" data-id=\"d68e3b4\" data-element_type=\"column\">\n\t\t\t<div class=\"elementor-widget-wrap\">\n\t\t\t\t\t\t\t<\/div>\n\t\t<\/div>\n\t\t\t\t<div class=\"elementor-column elementor-col-20 elementor-top-column elementor-element elementor-element-9e4a003\" data-id=\"9e4a003\" data-element_type=\"column\">\n\t\t\t<div class=\"elementor-widget-wrap\">\n\t\t\t\t\t\t\t<\/div>\n\t\t<\/div>\n\t\t\t\t<div class=\"elementor-column elementor-col-20 elementor-top-column elementor-element elementor-element-ee0f090\" data-id=\"ee0f090\" data-element_type=\"column\">\n\t\t\t<div class=\"elementor-widget-wrap elementor-element-populated\">\n\t\t\t\t\t\t<div class=\"elementor-element elementor-element-ff56489 elementor-widget elementor-widget-spacer\" data-id=\"ff56489\" data-element_type=\"widget\" data-widget_type=\"spacer.default\">\n\t\t\t\t<div class=\"elementor-widget-container\">\n\t\t\t\t\t\t\t<div class=\"elementor-spacer\">\n\t\t\t<div class=\"elementor-spacer-inner\"><\/div>\n\t\t<\/div>\n\t\t\t\t\t\t<\/div>\n\t\t\t\t<\/div>\n\t\t\t\t<div class=\"elementor-element elementor-element-5ce5527 elementor-widget__width-initial elementor-widget elementor-widget-video\" data-id=\"5ce5527\" data-element_type=\"widget\" data-settings=\"{&quot;video_type&quot;:&quot;hosted&quot;,&quot;autoplay&quot;:&quot;yes&quot;,&quot;play_on_mobile&quot;:&quot;yes&quot;,&quot;loop&quot;:&quot;yes&quot;}\" data-widget_type=\"video.default\">\n\t\t\t\t<div class=\"elementor-widget-container\">\n\t\t\t\t\t\t\t<div class=\"e-hosted-video elementor-wrapper elementor-open-inline\">\n\t\t\t\t\t<video class=\"elementor-video\" src=\"https:\/\/design-kom.de\/design\/wp-content\/uploads\/Hypnotic-1151.mp4\" autoplay loop playsinline controlslist=\"nodownload\"><\/video>\n\t\t\t\t<\/div>\n\t\t\t\t\t\t<\/div>\n\t\t\t\t<\/div>\n\t\t\t\t<div class=\"elementor-element elementor-element-ad205a8 elementor-widget elementor-widget-spacer\" data-id=\"ad205a8\" data-element_type=\"widget\" data-widget_type=\"spacer.default\">\n\t\t\t\t<div class=\"elementor-widget-container\">\n\t\t\t\t\t\t\t<div class=\"elementor-spacer\">\n\t\t\t<div class=\"elementor-spacer-inner\"><\/div>\n\t\t<\/div>\n\t\t\t\t\t\t<\/div>\n\t\t\t\t<\/div>\n\t\t\t\t\t<\/div>\n\t\t<\/div>\n\t\t\t\t<div class=\"elementor-column elementor-col-20 elementor-top-column elementor-element elementor-element-e24d3be\" data-id=\"e24d3be\" data-element_type=\"column\">\n\t\t\t<div class=\"elementor-widget-wrap\">\n\t\t\t\t\t\t\t<\/div>\n\t\t<\/div>\n\t\t\t\t<div class=\"elementor-column elementor-col-20 elementor-top-column elementor-element elementor-element-fdc00f3\" data-id=\"fdc00f3\" data-element_type=\"column\">\n\t\t\t<div class=\"elementor-widget-wrap\">\n\t\t\t\t\t\t\t<\/div>\n\t\t<\/div>\n\t\t\t\t\t<\/div>\n\t\t<\/section>\n\t\t\t\t<section class=\"elementor-section elementor-top-section elementor-element elementor-element-18bcc09 elementor-section-boxed elementor-section-height-default elementor-section-height-default\" data-id=\"18bcc09\" data-element_type=\"section\" data-settings=\"{&quot;background_background&quot;:&quot;classic&quot;}\">\n\t\t\t\t\t\t<div class=\"elementor-container elementor-column-gap-default\">\n\t\t\t\t\t<div class=\"elementor-column elementor-col-25 elementor-top-column elementor-element elementor-element-479a876\" data-id=\"479a876\" data-element_type=\"column\">\n\t\t\t<div class=\"elementor-widget-wrap\">\n\t\t\t\t\t\t\t<\/div>\n\t\t<\/div>\n\t\t\t\t<div class=\"elementor-column elementor-col-50 elementor-top-column elementor-element elementor-element-8ca55ac\" data-id=\"8ca55ac\" data-element_type=\"column\">\n\t\t\t<div class=\"elementor-widget-wrap elementor-element-populated\">\n\t\t\t\t\t\t<div class=\"elementor-element elementor-element-8ef54c0 elementor-widget elementor-widget-spacer\" data-id=\"8ef54c0\" data-element_type=\"widget\" data-widget_type=\"spacer.default\">\n\t\t\t\t<div class=\"elementor-widget-container\">\n\t\t\t\t\t\t\t<div class=\"elementor-spacer\">\n\t\t\t<div class=\"elementor-spacer-inner\"><\/div>\n\t\t<\/div>\n\t\t\t\t\t\t<\/div>\n\t\t\t\t<\/div>\n\t\t\t\t\t<\/div>\n\t\t<\/div>\n\t\t\t\t<div class=\"elementor-column elementor-col-25 elementor-top-column elementor-element elementor-element-b6d03c6\" data-id=\"b6d03c6\" data-element_type=\"column\">\n\t\t\t<div class=\"elementor-widget-wrap\">\n\t\t\t\t\t\t\t<\/div>\n\t\t<\/div>\n\t\t\t\t\t<\/div>\n\t\t<\/section>\n\t\t\t\t<section class=\"elementor-section elementor-top-section elementor-element elementor-element-63f8b3e elementor-section-boxed elementor-section-height-default elementor-section-height-default\" data-id=\"63f8b3e\" data-element_type=\"section\">\n\t\t\t\t\t\t<div class=\"elementor-container elementor-column-gap-default\">\n\t\t\t\t\t<div class=\"elementor-column elementor-col-66 elementor-top-column elementor-element elementor-element-f3a29a1\" data-id=\"f3a29a1\" data-element_type=\"column\">\n\t\t\t<div class=\"elementor-widget-wrap\">\n\t\t\t\t\t\t\t<\/div>\n\t\t<\/div>\n\t\t\t\t<div class=\"elementor-column elementor-col-33 elementor-top-column elementor-element elementor-element-9532a55\" data-id=\"9532a55\" data-element_type=\"column\">\n\t\t\t<div class=\"elementor-widget-wrap\">\n\t\t\t\t\t\t\t<\/div>\n\t\t<\/div>\n\t\t\t\t\t<\/div>\n\t\t<\/section>\n\t\t\t\t<\/div>\n\t\t","protected":false},"excerpt":{"rendered":"<p>anlo\u00adckend auf\u00adre\u00adgend auf\u00adrei\u00adzend anspre\u00adchend anzie\u00adhend begehrt begeh\u00adrens\u00adwert ber\u00fc\u00adckend bet\u00f6\u00adrend bild\u00adsch\u00f6n char\u00admant duf\u00adte ein\u00adneh\u00admend ent\u00adwaff\u00adnend fas\u00adzi\u00adnie\u00adrend fesch fes\u00adselnd sch\u00f6n scharf schick sexy https:\/\/design-kom.de\/design\/wp-content\/uploads\/Hypnotic-1151.mp4 Lorem ipsum dolor sit amet, con\u00adsec\u00adte\u00adtur adi\u00adpi\u00adscing elit. Ut elit tel\u00adlus, luc\u00adtus nec ullam\u00adcor\u00adper mat\u00adtis, pul\u00advi\u00adnar dapi\u00adbus&nbsp;leo. Wer\u00adbung&nbsp;ist: reizvoll+ansprechend+&nbsp;charmant+gewinnend+interessant+einnehmend+anziehend+anlockend+bestrickend+entwaffnend+bet\u00f6rend+fesselnd+begehrenswert+faszinierend+ber\u00fcckend+magnetisch+begehrt+unwiderstehlich+verf\u00fchrerisch+verlockend+aufregend+aufreizend+sexy+toll+klasse+dufte+scharf+gut+h\u00fcbsch+gutaussehend+sch\u00f6n+bildsch\u00f6n+wundersch\u00f6n+gutgewachsen+fesch+flott+schick+gutgebaut + + + https:\/\/design-kom.de\/design\/wp-content\/uploads\/Hypnotic-1151.mp4<\/p>\n","protected":false},"author":1,"featured_media":0,"parent":0,"menu_order":0,"comment_status":"closed","ping_status":"closed","template":"elementor_canvas","meta":{"wp_typography_post_enhancements_disabled":false,"footnotes":""},"_links":{"self":[{"href":"https:\/\/design-kom.de\/design\/wp-json\/wp\/v2\/pages\/1661"}],"collection":[{"href":"https:\/\/design-kom.de\/design\/wp-json\/wp\/v2\/pages"}],"about":[{"href":"https:\/\/design-kom.de\/design\/wp-json\/wp\/v2\/types\/page"}],"author":[{"embeddable":true,"href":"https:\/\/design-kom.de\/design\/wp-json\/wp\/v2\/users\/1"}],"replies":[{"embeddable":true,"href":"https:\/\/design-kom.de\/design\/wp-json\/wp\/v2\/comments?post=1661"}],"version-history":[{"count":10,"href":"https:\/\/design-kom.de\/design\/wp-json\/wp\/v2\/pages\/1661\/revisions"}],"predecessor-version":[{"id":1886,"href":"https:\/\/design-kom.de\/design\/wp-json\/wp\/v2\/pages\/1661\/revisions\/1886"}],"wp:attachment":[{"href":"https:\/\/design-kom.de\/design\/wp-json\/wp\/v2\/media?parent=1661"}],"curies":[{"name":"wp","href":"https:\/\/api.w.org\/{rel}","templated":true}]}}